{"id":450,"date":"2020-09-01T16:12:28","date_gmt":"2020-09-01T14:12:28","guid":{"rendered":"https:\/\/www.tvorba-map.cz\/?page_id=450"},"modified":"2020-09-01T16:12:28","modified_gmt":"2020-09-01T14:12:28","slug":"webovy-mapovy-pruvodce","status":"publish","type":"page","link":"https:\/\/www.tvorba-map.cz\/mapove-podklady\/webovy-mapovy-pruvodce\/","title":{"rendered":"Webov\u00fd mapov\u00fd pr\u016fvodce"},"content":{"rendered":"","protected":false},"excerpt":{"rendered":"","protected":false},"author":1,"featured_media":0,"parent":0,"menu_order":0,"comment_status":"closed","ping_status":"closed","template":"","meta":{"_et_pb_use_builder":"","_et_pb_old_content":"","_et_gb_content_width":"","inline_featured_image":false,"footnotes":""},"jetpack_sharing_enabled":true,"_links":{"self":[{"href":"https:\/\/www.tvorba-map.cz\/mapove-podklady\/wp-json\/wp\/v2\/pages\/450"}],"collection":[{"href":"https:\/\/www.tvorba-map.cz\/mapove-podklady\/wp-json\/wp\/v2\/pages"}],"about":[{"href":"https:\/\/www.tvorba-map.cz\/mapove-podklady\/wp-json\/wp\/v2\/types\/page"}],"author":[{"embeddable":true,"href":"https:\/\/www.tvorba-map.cz\/mapove-podklady\/wp-json\/wp\/v2\/users\/1"}],"replies":[{"embeddable":true,"href":"https:\/\/www.tvorba-map.cz\/mapove-podklady\/wp-json\/wp\/v2\/comments?post=450"}],"version-history":[{"count":0,"href":"https:\/\/www.tvorba-map.cz\/mapove-podklady\/wp-json\/wp\/v2\/pages\/450\/revisions"}],"wp:attachment":[{"href":"https:\/\/www.tvorba-map.cz\/mapove-podklady\/wp-json\/wp\/v2\/media?parent=450"}],"curies":[{"name":"wp","href":"https:\/\/api.w.org\/{rel}","templated":true}]}}