{"id":458,"date":"2020-09-01T16:46:47","date_gmt":"2020-09-01T14:46:47","guid":{"rendered":"https:\/\/www.tvorba-map.cz\/?page_id=458"},"modified":"2020-09-14T10:49:55","modified_gmt":"2020-09-14T08:49:55","slug":"pexesa","status":"publish","type":"page","link":"https:\/\/www.tvorba-map.cz\/mapove-podklady\/pexesa\/","title":{"rendered":"Na\u0161e dal\u0161\u00ed nab\u00eddka"},"content":{"rendered":"","protected":false},"excerpt":{"rendered":"","protected":false},"author":1,"featured_media":0,"parent":0,"menu_order":0,"comment_status":"closed","ping_status":"closed","template":"","meta":{"_et_pb_use_builder":"","_et_pb_old_content":"","_et_gb_content_width":"","inline_featured_image":false,"footnotes":""},"jetpack_sharing_enabled":true,"_links":{"self":[{"href":"https:\/\/www.tvorba-map.cz\/mapove-podklady\/wp-json\/wp\/v2\/pages\/458"}],"collection":[{"href":"https:\/\/www.tvorba-map.cz\/mapove-podklady\/wp-json\/wp\/v2\/pages"}],"about":[{"href":"https:\/\/www.tvorba-map.cz\/mapove-podklady\/wp-json\/wp\/v2\/types\/page"}],"author":[{"embeddable":true,"href":"https:\/\/www.tvorba-map.cz\/mapove-podklady\/wp-json\/wp\/v2\/users\/1"}],"replies":[{"embeddable":true,"href":"https:\/\/www.tvorba-map.cz\/mapove-podklady\/wp-json\/wp\/v2\/comments?post=458"}],"version-history":[{"count":0,"href":"https:\/\/www.tvorba-map.cz\/mapove-podklady\/wp-json\/wp\/v2\/pages\/458\/revisions"}],"wp:attachment":[{"href":"https:\/\/www.tvorba-map.cz\/mapove-podklady\/wp-json\/wp\/v2\/media?parent=458"}],"curies":[{"name":"wp","href":"https:\/\/api.w.org\/{rel}","templated":true}]}}